{"id":121790,"date":"2023-02-25T20:26:13","date_gmt":"2023-02-25T19:26:13","guid":{"rendered":"https:\/\/www.onerustyband.com\/?page_id=121790"},"modified":"2025-06-26T17:25:50","modified_gmt":"2025-06-26T15:25:50","slug":"carte-de-telechargement","status":"publish","type":"page","link":"https:\/\/www.onerustyband.com\/en\/carte-de-telechargement\/","title":{"rendered":"carte de t\u00e9l\u00e9chargement"},"content":{"rendered":"<div class=\"wpb-content-wrapper\"><div data-parent=\"true\" class=\"vc_row row-container\" id=\"row-unique-0\"><div class=\"row limit-width row-parent\"><div class=\"wpb_row row-inner\"><div class=\"wpb_column pos-top pos-center align_left column_parent col-lg-12 single-internal-gutter\"><div class=\"uncol style-light\"  ><div class=\"uncoltable\"><div class=\"uncell no-block-padding\" ><div class=\"uncont\" ><div class=\"vc_custom_heading_wrap\"><div class=\"heading-text el-text\" ><h2 class=\"h2 font-weight-800\" ><span>Carte de t\u00e9l\u00e9chargement pour LINE AFTER LINE<\/span><\/h2><\/div><div class=\"clear\"><\/div><\/div><span class=\"btn-container\" ><a role=\"button\"  href=\"https:\/\/www.onerustyband.com\/en\/line-after-line\/\" class=\"custom-link btn btn-xl btn-custom-typo font-377884 font-weight-700 text-initial no-letterspace border-width-0 btn-accent btn-shadow btn-icon-left btn-ripple-out btn-border-animated\" target=\"_blank\">CLIQUE LA!!<\/a><\/span><div class=\"empty-space empty-single\" ><span class=\"empty-space-inner\"><\/span><\/div>\n<div class=\"vc_custom_heading_wrap\"><div class=\"heading-text el-text\" ><h2 class=\"h2 font-weight-800\" ><span>Carte de t\u00e9l\u00e9chargement pour ONE MORE DANCE<\/span><\/h2><\/div><div class=\"clear\"><\/div><\/div><span class=\"btn-container\" ><a role=\"button\"  href=\"https:\/\/www.onerustyband.com\/en\/one-more-dance\/\" class=\"custom-link btn btn-xl btn-custom-typo font-377884 font-weight-700 text-initial no-letterspace border-width-0 btn-accent btn-shadow btn-icon-left btn-ripple-out btn-border-animated\">CLIQUE LA!!<\/a><\/span><div class=\"empty-space empty-single\" ><span class=\"empty-space-inner\"><\/span><\/div>\n<div class=\"vc_custom_heading_wrap\"><div class=\"heading-text el-text\" ><h2 class=\"h2 font-weight-800\" ><span>Carte de t\u00e9l\u00e9chargement pour VOODOO QUEEN<\/span><\/h2><\/div><div class=\"clear\"><\/div><\/div><span class=\"btn-container\" ><a role=\"button\"  href=\"https:\/\/www.onerustyband.com\/en\/voodooqueen\/\" class=\"custom-link btn btn-xl btn-custom-typo font-377884 font-weight-700 text-initial no-letterspace border-width-0 btn-accent btn-shadow btn-icon-left btn-ripple-out btn-border-animated\">CLIQUE ICI!!<\/a><\/span><\/div><\/div><\/div><\/div><\/div><script id=\"script-row-unique-0\" data-row=\"script-row-unique-0\" type=\"text\/javascript\" class=\"vc_controls\">UNCODE.initRow(document.getElementById(\"row-unique-0\"));<\/script><\/div><\/div><\/div>\n<\/div>","protected":false},"excerpt":{"rendered":"Carte de t\u00e9l\u00e9chargement pour LINE AFTER LINECLIQUE LA!! Carte de t\u00e9l\u00e9chargement pour ONE MORE DANCECLIQUE LA!! Carte de t\u00e9l\u00e9chargement pour [...]","protected":false},"author":2,"featured_media":0,"parent":0,"menu_order":0,"comment_status":"closed","ping_status":"closed","template":"","meta":{"footnotes":""},"class_list":["post-121790","page","type-page","status-publish","hentry","page_category-special"],"_links":{"self":[{"href":"https:\/\/www.onerustyband.com\/en\/wp-json\/wp\/v2\/pages\/121790","targetHints":{"allow":["GET"]}}],"collection":[{"href":"https:\/\/www.onerustyband.com\/en\/wp-json\/wp\/v2\/pages"}],"about":[{"href":"https:\/\/www.onerustyband.com\/en\/wp-json\/wp\/v2\/types\/page"}],"author":[{"embeddable":true,"href":"https:\/\/www.onerustyband.com\/en\/wp-json\/wp\/v2\/users\/2"}],"replies":[{"embeddable":true,"href":"https:\/\/www.onerustyband.com\/en\/wp-json\/wp\/v2\/comments?post=121790"}],"version-history":[{"count":15,"href":"https:\/\/www.onerustyband.com\/en\/wp-json\/wp\/v2\/pages\/121790\/revisions"}],"predecessor-version":[{"id":126574,"href":"https:\/\/www.onerustyband.com\/en\/wp-json\/wp\/v2\/pages\/121790\/revisions\/126574"}],"wp:attachment":[{"href":"https:\/\/www.onerustyband.com\/en\/wp-json\/wp\/v2\/media?parent=121790"}],"curies":[{"name":"wp","href":"https:\/\/api.w.org\/{rel}","templated":true}]}}