{"id":90091,"date":"2021-03-30T14:38:02","date_gmt":"2021-03-30T12:38:02","guid":{"rendered":"https:\/\/undsgn.com\/uncode\/?page_id=90091"},"modified":"2025-11-24T13:56:32","modified_gmt":"2025-11-24T12:56:32","slug":"musique","status":"publish","type":"page","link":"https:\/\/www.onerustyband.com\/en\/musique\/","title":{"rendered":"Musique"},"content":{"rendered":"<div class=\"wpb-content-wrapper\"><div data-parent=\"true\" class=\"vc_row style-color-jevc-bg row-container has-dividers\" id=\"row-unique-0\"><div class=\"uncode-divider-wrap uncode-divider-wrap-top z_index_0 uncode-divider-flip\" style=\"height: 100%;\" data-height=\"100\" data-unit=\"%\"><svg version=\"1.1\" class=\"uncode-row-divider uncode-row-divider-ray-opacity\" x=\"0px\" y=\"0px\" width=\"240px\" height=\"24px\" viewbox=\"0 0 240 24\" enable-background=\"new 0 0 240 24\" xml:space=\"preserve\" preserveaspectratio=\"none\">\n\t\t<path fill=\"#ff7e42\" d=\"M240,24V0L0,24H240z\"\/>\n\t\t<path fill=\"#ff7e42\" fill-opacity=\"0.33\" d=\"M240,0H0v24\"\/>\n\t\t<path fill=\"#ff7e42\" fill-opacity=\"0.33\" d=\"M0,11.611V24L240,0L0,11.611z\"\/>\n\t\t<\/svg><\/div><div class=\"row quad-top-padding quad-bottom-padding single-h-padding limit-width row-parent\"><div class=\"wpb_row row-inner\"><div class=\"wpb_column pos-middle pos-center align_center column_parent col-lg-12 double-internal-gutter\"><div class=\"uncol style-light animate_when_almost_visible alpha-anim\"  data-speed=\"1000\"><div class=\"uncoltable\"><div class=\"uncell\" ><div class=\"uncont no-block-padding col-custom-width\" style=\" max-width:85%;\" ><div class=\"vc_custom_heading_wrap\"><div class=\"heading-text el-text\" ><h4 class=\"font-151328 fontsize-210105 font-weight-100 text-color-xsdn-color\" ><span>new album<\/span><\/h4><\/div><div class=\"clear\"><\/div><\/div><div class=\"vc_custom_heading_wrap\"><div class=\"heading-text el-text\" ><h4 class=\"font-377884 fontsize-155944 font-weight-200 text-color-xsdn-color\" ><span>release June 6th<\/span><\/h4><\/div><div class=\"clear\"><\/div><\/div><div class=\"uncode-single-media  text-center\"><div class=\"single-wrapper\" style=\"max-width: 64%;\"><a class=\"single-media-link\" href=\"https:\/\/www.onerustyband.com\/en\/portfolio\/line-after-line\/\" target=\"_blank\" title=\"Line After Line\"><div class=\"tmb tmb-light  tmb-shadowed tmb-shadowed-std tmb-img-ratio tmb-media-first tmb-media-last tmb-content-overlay tmb-no-bg\"><div class=\"t-inside\"><div class=\"t-entry-visual\"><div class=\"t-entry-visual-tc\"><div class=\"uncode-single-media-wrapper\"><div class=\"dummy\" style=\"padding-top: 100%;\"><\/div><img decoding=\"async\" class=\"wp-image-126730\" src=\"https:\/\/www.onerustyband.com\/wp-content\/uploads\/2024\/07\/Front_72dpi-jpg.jpg\" width=\"1440\" height=\"1440\" alt=\"\" srcset=\"https:\/\/www.onerustyband.com\/wp-content\/uploads\/2024\/07\/Front_72dpi-jpg.jpg 1440w, https:\/\/www.onerustyband.com\/wp-content\/uploads\/2024\/07\/Front_72dpi-jpg-300x300.jpg 300w, https:\/\/www.onerustyband.com\/wp-content\/uploads\/2024\/07\/Front_72dpi-jpg-1024x1024.jpg 1024w, https:\/\/www.onerustyband.com\/wp-content\/uploads\/2024\/07\/Front_72dpi-jpg-150x150.jpg 150w, https:\/\/www.onerustyband.com\/wp-content\/uploads\/2024\/07\/Front_72dpi-jpg-768x768.jpg 768w, https:\/\/www.onerustyband.com\/wp-content\/uploads\/2024\/07\/Front_72dpi-jpg-350x350.jpg 350w, https:\/\/www.onerustyband.com\/wp-content\/uploads\/2024\/07\/Front_72dpi-jpg-348x348.jpg 348w, https:\/\/www.onerustyband.com\/wp-content\/uploads\/2024\/07\/Front_72dpi-jpg-600x600.jpg 600w, https:\/\/www.onerustyband.com\/wp-content\/uploads\/2024\/07\/Front_72dpi-jpg-100x100.jpg 100w\" sizes=\"(max-width: 1440px) 100vw, 1440px\" \/><\/div>\n\t\t\t\t\t<\/div>\n\t\t\t\t<\/div><\/div><\/div><\/a><\/div><\/div><span class=\"btn-container\" ><a role=\"button\"  href=\"https:\/\/bfan.link\/line-after-line-1\" class=\"custom-link btn btn-xl border-width-1 btn-color-482803 btn-icon-left btn-ripple-in btn-border-animated\" target=\"_blank\"><i class=\"fa fa-link2\"><\/i>ORDER \/ LISTEN<\/a><\/span><\/div><\/div><\/div><\/div><\/div><script id=\"script-row-unique-0\" data-row=\"script-row-unique-0\" type=\"text\/javascript\" class=\"vc_controls\">UNCODE.initRow(document.getElementById(\"row-unique-0\"));<\/script><\/div><\/div><\/div><div data-parent=\"true\" class=\"vc_row style-color-jevc-bg row-container onepage-section\" data-label=\"live\" data-name=\"live\" id=\"row-unique-1\"><div class=\"row double-top-padding double-bottom-padding single-h-padding full-width row-parent\"><div class=\"wpb_row row-inner\"><div class=\"wpb_column pos-top pos-center align_left column_parent col-lg-12 single-internal-gutter z_index_2\"><div class=\"uncol style-light\" style=\"max-width:85%; margin-left:auto; margin-right:auto;\"  ><div class=\"uncoltable\"><div class=\"uncell no-block-padding\" ><div class=\"uncont\" ><div class=\"vc_row row-internal row-container\"><div class=\"row col-double-gutter row-child\"><div class=\"wpb_row row-inner\"><div class=\"wpb_column pos-top pos-center align_left column_child col-lg-12 col-md-50 single-internal-gutter z_index_2\"><div class=\"uncol style-light\" ><div class=\"uncoltable\"><div class=\"uncell no-block-padding\" ><div class=\"uncont\" ><div class=\"vc_custom_heading_wrap heading-inline\"><div class=\"heading-text el-text\" ><h3 class=\"font-151328 fontsize-155944 font-weight-200 text-color-xsdn-color\" ><span>LIVE<\/span><\/h3><\/div><div class=\"clear\"><\/div><\/div><\/div><\/div><\/div><\/div><\/div><\/div><\/div><\/div><div class=\"vc_row vc_custom_1751064818613 row-internal row-container\" style=\"margin-bottom: 50px ;\"><div class=\"row row-child\"><div class=\"wpb_row row-inner row-inner-force\"><div class=\"wpb_column pos-top pos-center align_left column_child col-lg-6 single-internal-gutter\"><div class=\"uncol style-light\" ><div class=\"uncoltable\"><div class=\"uncell no-block-padding\" ><div class=\"uncont\" ><div class=\"uncode-single-media  text-center\"><div class=\"single-wrapper\" style=\"max-width: 100%;\"><div class=\"tmb tmb-light  tmb-media-first tmb-media-last tmb-content-overlay tmb-no-bg\"><div class=\"t-inside\"><div class=\"t-entry-visual\"><div class=\"t-entry-visual-tc\"><div class=\"uncode-single-media-wrapper\"><div class=\"h3 youtube-video fluid-object\" style=\"padding-top: 56.31%\"><iframe title=\"One Rusty Band Live Aoustock 2023\" width=\"840\" height=\"473\" src=\"https:\/\/www.youtube.com\/embed\/71UQz5G_Spk?feature=oembed&amp;v=71UQz5G_Spk\" frameborder=\"0\" allow=\"accelerometer; autoplay; clipboard-write; encrypted-media; gyroscope; picture-in-picture; web-share\" referrerpolicy=\"strict-origin-when-cross-origin\" allowfullscreen><\/iframe><\/div><\/div>\n\t\t\t\t\t<\/div>\n\t\t\t\t<\/div><\/div><\/div><\/div><\/div><\/div><\/div><\/div><\/div><\/div><div class=\"wpb_column pos-top pos-center align_left column_child col-lg-6 single-internal-gutter\"><div class=\"uncol style-light\" ><div class=\"uncoltable\"><div class=\"uncell no-block-padding\" ><div class=\"uncont\" ><div class=\"uncode-single-media  text-center\"><div class=\"single-wrapper\" style=\"max-width: 100%;\"><div class=\"tmb tmb-light  tmb-media-first tmb-media-last tmb-content-overlay tmb-no-bg tmb-lightbox\"><div class=\"t-inside\"><div class=\"t-entry-visual\"><div class=\"t-entry-visual-tc\"><div class=\"uncode-single-media-wrapper\"><div class=\"h3 youtube-video fluid-object\" style=\"padding-top: 56.31%\"><iframe title='One More Dance \"live\"\/ One rusty band' width=\"840\" height=\"473\" src=\"https:\/\/www.youtube.com\/embed\/fdu8656QFA8?feature=oembed&amp;v=fdu8656QFA8\" frameborder=\"0\" allow=\"accelerometer; autoplay; clipboard-write; encrypted-media; gyroscope; picture-in-picture; web-share\" referrerpolicy=\"strict-origin-when-cross-origin\" allowfullscreen><\/iframe><\/div><\/div>\n\t\t\t\t\t<\/div>\n\t\t\t\t<\/div><\/div><\/div><\/div><\/div><\/div><\/div><\/div><\/div><a class=\"col-link custom-link\" href=\"https:\/\/youtu.be\/71UQz5G_Spk\" target=\"_self\" title=\"\"><\/a><\/div><\/div><\/div><\/div><div class=\"vc_row row-internal row-container\"><div class=\"row row-child\"><div class=\"wpb_row row-inner row-inner-force\"><div class=\"wpb_column pos-top pos-center align_left column_child col-lg-6 single-internal-gutter\"><div class=\"uncol style-light\" ><div class=\"uncoltable\"><div class=\"uncell no-block-padding\" ><div class=\"uncont\" ><div class=\"uncode-single-media  text-center\"><div class=\"single-wrapper\" style=\"max-width: 100%;\"><div class=\"tmb tmb-light  tmb-media-first tmb-media-last tmb-content-overlay tmb-no-bg\"><div class=\"t-inside\"><div class=\"t-entry-visual\"><div class=\"t-entry-visual-tc\"><div class=\"uncode-single-media-wrapper\"><div class=\"h3 youtube-video fluid-object\" style=\"padding-top: 56.31%\"><iframe title=\"One Rusty Band @Crossroads Confined Countdown Festival\" width=\"840\" height=\"473\" src=\"https:\/\/www.youtube.com\/embed\/BE1RRIBGViY?feature=oembed\" frameborder=\"0\" allow=\"accelerometer; autoplay; clipboard-write; encrypted-media; gyroscope; picture-in-picture; web-share\" referrerpolicy=\"strict-origin-when-cross-origin\" allowfullscreen><\/iframe><\/div><\/div>\n\t\t\t\t\t<\/div>\n\t\t\t\t<\/div><\/div><\/div><\/div><\/div><\/div><\/div><\/div><\/div><\/div><div class=\"wpb_column pos-top pos-center align_left column_child col-lg-6 single-internal-gutter\"><div class=\"uncol style-light\" ><div class=\"uncoltable\"><div class=\"uncell no-block-padding\" ><div class=\"uncont\" ><div class=\"uncode-single-media  text-center\"><div class=\"single-wrapper\" style=\"max-width: 100%;\"><div class=\"tmb tmb-light  tmb-media-first tmb-media-last tmb-content-overlay tmb-no-bg tmb-lightbox\"><div class=\"t-inside\"><div class=\"t-entry-visual\"><div class=\"t-entry-visual-tc\"><div class=\"uncode-single-media-wrapper\"><div class=\"h3 youtube-video fluid-object\" style=\"padding-top: 56.31%\"><iframe title=\"live streaming au Magic Mirrors du Havre  2021\" width=\"840\" height=\"473\" src=\"https:\/\/www.youtube.com\/embed\/c8AaUhuRWzM?feature=oembed&amp;v=c8AaUhuRWzM&amp;t=67s\" frameborder=\"0\" allow=\"accelerometer; autoplay; clipboard-write; encrypted-media; gyroscope; picture-in-picture; web-share\" referrerpolicy=\"strict-origin-when-cross-origin\" allowfullscreen><\/iframe><\/div><\/div>\n\t\t\t\t\t<\/div>\n\t\t\t\t<\/div><\/div><\/div><\/div><\/div><\/div><\/div><\/div><\/div><\/div><\/div><\/div><\/div><\/div><\/div><\/div><\/div><\/div><script id=\"script-row-unique-1\" data-row=\"script-row-unique-1\" type=\"text\/javascript\" class=\"vc_controls\">UNCODE.initRow(document.getElementById(\"row-unique-1\"));<\/script><\/div><\/div><\/div><div data-parent=\"true\" class=\"vc_row style-color-jevc-bg row-container onepage-section has-dividers\" data-label=\"works\" data-name=\"works\" id=\"row-unique-2\"><div class=\"uncode-divider-wrap uncode-divider-wrap-top z_index_0\" style=\"height: 100%;\" data-height=\"100\" data-unit=\"%\"><svg version=\"1.1\" class=\"uncode-row-divider uncode-row-divider-ray-opacity\" x=\"0px\" y=\"0px\" width=\"240px\" height=\"24px\" viewbox=\"0 0 240 24\" enable-background=\"new 0 0 240 24\" xml:space=\"preserve\" preserveaspectratio=\"none\">\n\t\t<path fill=\"#ff7e42\" d=\"M240,24V0L0,24H240z\"\/>\n\t\t<path fill=\"#ff7e42\" fill-opacity=\"0.33\" d=\"M240,0H0v24\"\/>\n\t\t<path fill=\"#ff7e42\" fill-opacity=\"0.33\" d=\"M0,11.611V24L240,0L0,11.611z\"\/>\n\t\t<\/svg><\/div><div class=\"row quad-top-padding double-bottom-padding single-h-padding limit-width row-parent\" data-height-ratio=\"8\"><div class=\"wpb_row row-inner\"><div class=\"wpb_column pos-top pos-center align_left column_parent col-lg-12 double-internal-gutter z_index_2\"><div class=\"uncol style-light\"  ><div class=\"uncoltable\"><div class=\"uncell\" ><div class=\"uncont no-block-padding col-custom-width\" style=\" max-width:82%;\" ><div class=\"vc_custom_heading_wrap\"><div class=\"heading-text el-text\" ><h2 class=\"font-151328 h2\" ><span>discography<\/span><\/h2><\/div><div class=\"clear\"><\/div><\/div><div class=\"empty-space empty-single\" ><span class=\"empty-space-inner\"><\/span><\/div>\n<div class=\"vc_row row-internal row-container\"><div class=\"row row-child\"><div class=\"wpb_row row-inner\"><div class=\"wpb_column pos-top pos-center align_left column_child col-lg-12 single-internal-gutter\"><div class=\"uncol style-light shift_y_neg_triple\" ><div class=\"uncoltable\"><div class=\"uncell no-block-padding    parallax-el\" data-rellax-percentage=\"0.5\" data-rellax-speed=\"3\"><div class=\"uncont\" ><div class=\"owl-carousel-wrapper carousel-overflow-visible carousel-animation-first\" >\n\t\t\t\t\t\t\t\t\t\t\t\t\t<div class=\"owl-carousel-container owl-carousel-loading triple-gutter\" >\t\t\t\t\t\t\t\t\t\t\t\t<div id=\"index-864773418\" class=\"owl-carousel owl-element owl-height-auto owl-dots-db-space owl-dots-outside owl-dots-single-block-padding owl-dots-align-left\" data-loop=\"true\" data-dots=\"true\" data-dotsmobile=\"true\" data-navmobile=\"false\" data-navspeed=\"400\" data-autoplay=\"true\" data-timeout=\"3000\" data-stagepadding=\"0\" data-lg=\"2\" data-md=\"2\" data-sm=\"1\" data-vp-height=\"false\">\t\t\t<div class=\"tmb tmb-carousel atc-typography-inherit tmb-iso-h33 tmb-light tmb-content-left tmb-image-anim  grid-cat-220 tmb-id-126325 tmb-content-under tmb-media-first tmb-no-bg\" ><div class=\"t-inside animate_when_almost_visible bottom-t-top\" data-speed=\"400\" data-cursor=\"icon-accent\"><div class=\"t-entry-visual\"><div class=\"t-entry-visual-tc\"><div class=\"t-entry-visual-cont\"><div class=\"dummy\" style=\"padding-top: 100%;\"><\/div><a role=\"button\" tabindex=\"-1\" href=\"https:\/\/www.onerustyband.com\/en\/portfolio\/line-after-line\/\" class=\"pushed\" target=\"_self\" data-lb-index=\"0\"><div class=\"t-entry-visual-overlay\"><div class=\"t-entry-visual-overlay-in style-dark-bg\" style=\"opacity: 0.5;\"><\/div><\/div><img decoding=\"async\" class=\"wp-image-126310\" src=\"https:\/\/www.onerustyband.com\/wp-content\/uploads\/2025\/04\/Front_72dpi.jpg\" width=\"1440\" height=\"1440\" alt=\"\" srcset=\"https:\/\/www.onerustyband.com\/wp-content\/uploads\/2025\/04\/Front_72dpi.jpg 1440w, https:\/\/www.onerustyband.com\/wp-content\/uploads\/2025\/04\/Front_72dpi-300x300.jpg 300w, https:\/\/www.onerustyband.com\/wp-content\/uploads\/2025\/04\/Front_72dpi-1024x1024.jpg 1024w, https:\/\/www.onerustyband.com\/wp-content\/uploads\/2025\/04\/Front_72dpi-150x150.jpg 150w, https:\/\/www.onerustyband.com\/wp-content\/uploads\/2025\/04\/Front_72dpi-768x768.jpg 768w, https:\/\/www.onerustyband.com\/wp-content\/uploads\/2025\/04\/Front_72dpi-350x350.jpg 350w, https:\/\/www.onerustyband.com\/wp-content\/uploads\/2025\/04\/Front_72dpi-348x348.jpg 348w, https:\/\/www.onerustyband.com\/wp-content\/uploads\/2025\/04\/Front_72dpi-600x600.jpg 600w, https:\/\/www.onerustyband.com\/wp-content\/uploads\/2025\/04\/Front_72dpi-100x100.jpg 100w\" sizes=\"(max-width: 1440px) 100vw, 1440px\" \/><\/a><\/div>\n\t\t\t\t\t<\/div>\n\t\t\t\t<\/div><div class=\"t-entry-text\">\n\t\t\t\t\t\t\t\t\t<div class=\"t-entry-text-tc single-block-padding\"><div class=\"t-entry\"><h3 class=\"t-entry-title font-151328 h4 font-weight-400 title-scale\"><a href=\"https:\/\/www.onerustyband.com\/en\/portfolio\/line-after-line\/\" target=\"_self\">Line After Line<\/a><\/h3><\/div><\/div>\n\t\t\t\t\t\t\t<\/div><\/div><\/div><div class=\"tmb tmb-carousel atc-typography-inherit tmb-iso-h33 tmb-light tmb-content-left tmb-image-anim  grid-cat-231 tmb-id-4154 tmb-content-under tmb-media-first tmb-no-bg\" ><div class=\"t-inside animate_when_almost_visible bottom-t-top\" data-speed=\"400\" data-cursor=\"icon-accent\"><div class=\"t-entry-visual\"><div class=\"t-entry-visual-tc\"><div class=\"t-entry-visual-cont\"><div class=\"dummy\" style=\"padding-top: 100%;\"><\/div><a role=\"button\" tabindex=\"-1\" href=\"https:\/\/www.onerustyband.com\/en\/portfolio\/one-more-dance-2\/\" class=\"pushed\" target=\"_self\" data-lb-index=\"1\"><div class=\"t-entry-visual-overlay\"><div class=\"t-entry-visual-overlay-in style-dark-bg\" style=\"opacity: 0.5;\"><\/div><\/div><img decoding=\"async\" class=\"wp-image-119928\" src=\"https:\/\/www.onerustyband.com\/wp-content\/uploads\/2022\/08\/FRONT_One_More_DanceREDUX.jpg\" width=\"2400\" height=\"2400\" alt=\"\" srcset=\"https:\/\/www.onerustyband.com\/wp-content\/uploads\/2022\/08\/FRONT_One_More_DanceREDUX.jpg 2400w, https:\/\/www.onerustyband.com\/wp-content\/uploads\/2022\/08\/FRONT_One_More_DanceREDUX-300x300.jpg 300w, https:\/\/www.onerustyband.com\/wp-content\/uploads\/2022\/08\/FRONT_One_More_DanceREDUX-1024x1024.jpg 1024w, https:\/\/www.onerustyband.com\/wp-content\/uploads\/2022\/08\/FRONT_One_More_DanceREDUX-150x150.jpg 150w, https:\/\/www.onerustyband.com\/wp-content\/uploads\/2022\/08\/FRONT_One_More_DanceREDUX-768x768.jpg 768w, https:\/\/www.onerustyband.com\/wp-content\/uploads\/2022\/08\/FRONT_One_More_DanceREDUX-1536x1536.jpg 1536w, https:\/\/www.onerustyband.com\/wp-content\/uploads\/2022\/08\/FRONT_One_More_DanceREDUX-2048x2048.jpg 2048w, https:\/\/www.onerustyband.com\/wp-content\/uploads\/2022\/08\/FRONT_One_More_DanceREDUX-350x350.jpg 350w, https:\/\/www.onerustyband.com\/wp-content\/uploads\/2022\/08\/FRONT_One_More_DanceREDUX-348x348.jpg 348w, https:\/\/www.onerustyband.com\/wp-content\/uploads\/2022\/08\/FRONT_One_More_DanceREDUX-600x600.jpg 600w, https:\/\/www.onerustyband.com\/wp-content\/uploads\/2022\/08\/FRONT_One_More_DanceREDUX-100x100.jpg 100w\" sizes=\"(max-width: 2400px) 100vw, 2400px\" \/><\/a><\/div>\n\t\t\t\t\t<\/div>\n\t\t\t\t<\/div><div class=\"t-entry-text\">\n\t\t\t\t\t\t\t\t\t<div class=\"t-entry-text-tc single-block-padding\"><div class=\"t-entry\"><h3 class=\"t-entry-title font-151328 h4 font-weight-400 title-scale\"><a href=\"https:\/\/www.onerustyband.com\/en\/portfolio\/one-more-dance-2\/\" target=\"_self\">One More Dance<\/a><\/h3><\/div><\/div>\n\t\t\t\t\t\t\t<\/div><\/div><\/div><div class=\"tmb tmb-carousel atc-typography-inherit tmb-iso-h33 tmb-light tmb-content-left tmb-image-anim  grid-cat-232 tmb-id-120161 tmb-content-under tmb-media-first tmb-no-bg\" ><div class=\"t-inside animate_when_almost_visible bottom-t-top\" data-speed=\"400\" data-cursor=\"icon-accent\"><div class=\"t-entry-visual\"><div class=\"t-entry-visual-tc\"><div class=\"t-entry-visual-cont\"><div class=\"dummy\" style=\"padding-top: 100%;\"><\/div><a role=\"button\" tabindex=\"-1\" href=\"https:\/\/www.onerustyband.com\/en\/portfolio\/voodoo-queen-3\/\" class=\"pushed\" target=\"_self\" data-lb-index=\"2\"><div class=\"t-entry-visual-overlay\"><div class=\"t-entry-visual-overlay-in style-dark-bg\" style=\"opacity: 0.5;\"><\/div><\/div><img decoding=\"async\" class=\"wp-image-120195\" src=\"https:\/\/www.onerustyband.com\/wp-content\/uploads\/2022\/09\/Voodoo_pochetteFRONT-1655carre.jpg\" width=\"1496\" height=\"1496\" alt=\"\" srcset=\"https:\/\/www.onerustyband.com\/wp-content\/uploads\/2022\/09\/Voodoo_pochetteFRONT-1655carre.jpg 1496w, https:\/\/www.onerustyband.com\/wp-content\/uploads\/2022\/09\/Voodoo_pochetteFRONT-1655carre-300x300.jpg 300w, https:\/\/www.onerustyband.com\/wp-content\/uploads\/2022\/09\/Voodoo_pochetteFRONT-1655carre-1024x1024.jpg 1024w, https:\/\/www.onerustyband.com\/wp-content\/uploads\/2022\/09\/Voodoo_pochetteFRONT-1655carre-150x150.jpg 150w, https:\/\/www.onerustyband.com\/wp-content\/uploads\/2022\/09\/Voodoo_pochetteFRONT-1655carre-768x768.jpg 768w, https:\/\/www.onerustyband.com\/wp-content\/uploads\/2022\/09\/Voodoo_pochetteFRONT-1655carre-350x350.jpg 350w, https:\/\/www.onerustyband.com\/wp-content\/uploads\/2022\/09\/Voodoo_pochetteFRONT-1655carre-348x348.jpg 348w, https:\/\/www.onerustyband.com\/wp-content\/uploads\/2022\/09\/Voodoo_pochetteFRONT-1655carre-600x600.jpg 600w, https:\/\/www.onerustyband.com\/wp-content\/uploads\/2022\/09\/Voodoo_pochetteFRONT-1655carre-100x100.jpg 100w\" sizes=\"(max-width: 1496px) 100vw, 1496px\" \/><\/a><\/div>\n\t\t\t\t\t<\/div>\n\t\t\t\t<\/div><div class=\"t-entry-text\">\n\t\t\t\t\t\t\t\t\t<div class=\"t-entry-text-tc single-block-padding\"><div class=\"t-entry\"><h3 class=\"t-entry-title font-151328 h4 font-weight-400 title-scale\"><a href=\"https:\/\/www.onerustyband.com\/en\/portfolio\/voodoo-queen-3\/\" target=\"_self\">Voodoo Queen<\/a><\/h3><\/div><\/div>\n\t\t\t\t\t\t\t<\/div><\/div><\/div>\t\t<\/div>\t\n\t\n\n\t<\/div>\t\t\t\t<\/div>\n<\/div><\/div><\/div><\/div><\/div><\/div><\/div><\/div><\/div><\/div><\/div><\/div><\/div><script id=\"script-row-unique-2\" data-row=\"script-row-unique-2\" type=\"text\/javascript\" class=\"vc_controls\">UNCODE.initRow(document.getElementById(\"row-unique-2\"));<\/script><\/div><\/div><\/div><div data-parent=\"true\" class=\"vc_row style-color-jevc-bg row-container\" id=\"row-unique-3\"><div class=\"row double-top-padding double-bottom-padding no-h-padding limit-width row-parent\"><div class=\"wpb_row row-inner\"><div class=\"wpb_column pos-middle pos-center align_left column_parent col-lg-12 double-internal-gutter\"><div class=\"uncol style-dark\"  ><div class=\"uncoltable\"><div class=\"uncell no-block-padding\" ><div class=\"uncont\" ><div class=\"vc_row inverted-device-order row-internal row-container\"><div class=\"row unequal col-double-gutter row-child\"><div class=\"wpb_row row-inner\"><div class=\"wpb_column pos-top pos-center align_left column_child col-lg-8 half-internal-gutter\"><div class=\"uncol style-light\" ><div class=\"uncoltable\"><div class=\"uncell no-block-padding\" ><div class=\"uncont\" ><div class=\"vc_custom_heading_wrap\"><div class=\"heading-text el-text\" ><h2 class=\"font-151328 fontsize-155944 fontheight-357766 text-color-482803-color\" ><span>DATES !<br \/><\/span><span>CONCERTS !<br \/><\/span><span>GIGS !<\/span><\/h2><\/div><div class=\"clear\"><\/div><\/div><\/div><\/div><\/div><\/div><\/div><div class=\"wpb_column pos-middle pos-center align_right column_child col-lg-4 single-internal-gutter\"><div class=\"uncol style-light\" ><div class=\"uncoltable\"><div class=\"uncell no-block-padding\" ><div class=\"uncont\" ><span class=\"btn-container\" ><a role=\"button\"  href=\"https:\/\/www.onerustyband.com\/en\/dates-2\/\" class=\"custom-link btn btn-lg btn-custom-typo font-339240 font-weight-500 text-uppercase fontspace-210350 border-width-0 btn-accent btn-no-scale btn-icon-right\" target=\"_blank\">upcoming shows<i class=\"fa fa-arrow-right2\"><\/i><\/a><\/span><\/div><\/div><\/div><\/div><\/div><\/div><\/div><\/div><\/div><\/div><\/div><\/div><\/div><script id=\"script-row-unique-3\" data-row=\"script-row-unique-3\" type=\"text\/javascript\" class=\"vc_controls\">UNCODE.initRow(document.getElementById(\"row-unique-3\"));<\/script><\/div><\/div><\/div>\n<\/div>","protected":false},"excerpt":{"rendered":"VOODOOQUEENVoodoo Queen 1er album sorti en septembre 2019. Enregistr\u00e9, mix\u00e9 par Gr\u00e9gory Garghentini avec le soutien de Benjamin Dacruz dans [...]","protected":false},"author":1,"featured_media":0,"parent":0,"menu_order":0,"comment_status":"closed","ping_status":"closed","template":"","meta":{"footnotes":""},"class_list":["post-90091","page","type-page","status-publish","hentry","page_category-rusty"],"_links":{"self":[{"href":"https:\/\/www.onerustyband.com\/en\/wp-json\/wp\/v2\/pages\/90091","targetHints":{"allow":["GET"]}}],"collection":[{"href":"https:\/\/www.onerustyband.com\/en\/wp-json\/wp\/v2\/pages"}],"about":[{"href":"https:\/\/www.onerustyband.com\/en\/wp-json\/wp\/v2\/types\/page"}],"author":[{"embeddable":true,"href":"https:\/\/www.onerustyband.com\/en\/wp-json\/wp\/v2\/users\/1"}],"replies":[{"embeddable":true,"href":"https:\/\/www.onerustyband.com\/en\/wp-json\/wp\/v2\/comments?post=90091"}],"version-history":[{"count":77,"href":"https:\/\/www.onerustyband.com\/en\/wp-json\/wp\/v2\/pages\/90091\/revisions"}],"predecessor-version":[{"id":127050,"href":"https:\/\/www.onerustyband.com\/en\/wp-json\/wp\/v2\/pages\/90091\/revisions\/127050"}],"wp:attachment":[{"href":"https:\/\/www.onerustyband.com\/en\/wp-json\/wp\/v2\/media?parent=90091"}],"curies":[{"name":"wp","href":"https:\/\/api.w.org\/{rel}","templated":true}]}}