{"id":120409,"date":"2024-12-21T17:34:19","date_gmt":"2024-12-21T16:34:19","guid":{"rendered":"https:\/\/www.onerustyband.com\/?post_type=product&#038;p=120409"},"modified":"2025-06-25T19:38:30","modified_gmt":"2025-06-25T17:38:30","slug":"acces-anticipe-one-more-dance-lp-numerique","status":"publish","type":"product","link":"https:\/\/www.onerustyband.com\/en\/product\/acces-anticipe-one-more-dance-lp-numerique\/","title":{"rendered":"ONE MORE DANCE &#8211; NUMERIQUE"},"content":{"rendered":"<p>acc\u00e8s de t\u00e9l\u00e9chargement aux fichiers wav et mp3 encod\u00e9s avec soin !<\/p>\n<p>&nbsp;<\/p>","protected":false},"excerpt":{"rendered":"<p>fichier mp3 et wav One More Dance<\/p>","protected":false},"featured_media":120567,"template":"","meta":[],"product_brand":[],"product_cat":[227,319],"product_tag":[230,257],"class_list":{"0":"post-120409","1":"product","2":"type-product","3":"status-publish","4":"has-post-thumbnail","6":"product_cat-precommande","7":"product_cat-digital-de","8":"product_tag-numerique","9":"product_tag-one-more-dance-de","11":"first","12":"instock","13":"downloadable","14":"shipping-taxable","15":"purchasable","16":"product-type-simple"},"_links":{"self":[{"href":"https:\/\/www.onerustyband.com\/en\/wp-json\/wp\/v2\/product\/120409","targetHints":{"allow":["GET"]}}],"collection":[{"href":"https:\/\/www.onerustyband.com\/en\/wp-json\/wp\/v2\/product"}],"about":[{"href":"https:\/\/www.onerustyband.com\/en\/wp-json\/wp\/v2\/types\/product"}],"wp:featuredmedia":[{"embeddable":true,"href":"https:\/\/www.onerustyband.com\/en\/wp-json\/wp\/v2\/media\/120567"}],"wp:attachment":[{"href":"https:\/\/www.onerustyband.com\/en\/wp-json\/wp\/v2\/media?parent=120409"}],"wp:term":[{"taxonomy":"product_brand","embeddable":true,"href":"https:\/\/www.onerustyband.com\/en\/wp-json\/wp\/v2\/product_brand?post=120409"},{"taxonomy":"product_cat","embeddable":true,"href":"https:\/\/www.onerustyband.com\/en\/wp-json\/wp\/v2\/product_cat?post=120409"},{"taxonomy":"product_tag","embeddable":true,"href":"https:\/\/www.onerustyband.com\/en\/wp-json\/wp\/v2\/product_tag?post=120409"}],"curies":[{"name":"wp","href":"https:\/\/api.w.org\/{rel}","templated":true}]}}