{"id":121983,"date":"2025-03-23T18:22:15","date_gmt":"2025-03-23T17:22:15","guid":{"rendered":"https:\/\/www.onerustyband.com\/?post_type=product&#038;p=121983"},"modified":"2025-04-19T17:49:00","modified_gmt":"2025-04-19T15:49:00","slug":"one-more-dance-vinyl-numerique","status":"publish","type":"product","link":"https:\/\/www.onerustyband.com\/en\/product\/one-more-dance-vinyl-numerique\/","title":{"rendered":"ONE MORE DANCE &#8211; VINYL"},"content":{"rendered":"<p>a marble orange\/white vinyl 142g, with the lyrics<br \/>\nthe vinyl will be send by us with love about five days after ordering top<\/p>\n<p>+ the MP3 and WAV directly after ordering on your email<\/p>\n<p>&nbsp;<\/p>","protected":false},"excerpt":{"rendered":"<p>Un vinyle marbr\u00e9 orange blanc de 142g, un insert avec les paroles, le tout dans sa pochette cartonn\u00e9e elle m\u00eame dans une pochette plastique, avec en cadeau un super autocollant holographique s\u00e9rigraphi\u00e9 r\u00e9sistant \u00e0 l&rsquo;eau et aux UV!<br \/>\nthe vinyl will be send by us with love about five days after ordering top<\/p>\n<p>+ the MP3 and WAV directly after ordering on your email<\/p>","protected":false},"featured_media":122038,"template":"","meta":[],"product_brand":[],"product_cat":[223],"product_tag":[326,230,257],"class_list":{"0":"post-121983","1":"product","2":"type-product","3":"status-publish","4":"has-post-thumbnail","6":"product_cat-vinyls","7":"product_tag-vinyl","8":"product_tag-numerique","9":"product_tag-one-more-dance-de","11":"first","12":"instock","13":"downloadable","14":"shipping-taxable","15":"purchasable","16":"product-type-simple"},"_links":{"self":[{"href":"https:\/\/www.onerustyband.com\/en\/wp-json\/wp\/v2\/product\/121983","targetHints":{"allow":["GET"]}}],"collection":[{"href":"https:\/\/www.onerustyband.com\/en\/wp-json\/wp\/v2\/product"}],"about":[{"href":"https:\/\/www.onerustyband.com\/en\/wp-json\/wp\/v2\/types\/product"}],"wp:featuredmedia":[{"embeddable":true,"href":"https:\/\/www.onerustyband.com\/en\/wp-json\/wp\/v2\/media\/122038"}],"wp:attachment":[{"href":"https:\/\/www.onerustyband.com\/en\/wp-json\/wp\/v2\/media?parent=121983"}],"wp:term":[{"taxonomy":"product_brand","embeddable":true,"href":"https:\/\/www.onerustyband.com\/en\/wp-json\/wp\/v2\/product_brand?post=121983"},{"taxonomy":"product_cat","embeddable":true,"href":"https:\/\/www.onerustyband.com\/en\/wp-json\/wp\/v2\/product_cat?post=121983"},{"taxonomy":"product_tag","embeddable":true,"href":"https:\/\/www.onerustyband.com\/en\/wp-json\/wp\/v2\/product_tag?post=121983"}],"curies":[{"name":"wp","href":"https:\/\/api.w.org\/{rel}","templated":true}]}}